{"id":51,"date":"2013-11-28T19:02:36","date_gmt":"2013-11-28T18:02:36","guid":{"rendered":"https:\/\/francescogiuffridamagic.it\/?page_id=51"},"modified":"2019-01-29T19:11:55","modified_gmt":"2019-01-29T18:11:55","slug":"illusionismo","status":"publish","type":"page","link":"https:\/\/francescogiuffridamagic.it\/index.php\/servizi\/illusionismo\/","title":{"rendered":"Magic Show"},"content":{"rendered":"\n<div class=\"wp-block-image\"><figure class=\"alignleft is-resized\"><img loading=\"lazy\" decoding=\"async\" src=\"https:\/\/francescogiuffridamagic.it\/wp-content\/uploads\/2017\/01\/maglietta-contorno-definito.jpg\" alt=\"\" class=\"wp-image-521\" width=\"192\" height=\"220\" srcset=\"https:\/\/francescogiuffridamagic.it\/wp-content\/uploads\/2017\/01\/maglietta-contorno-definito.jpg 768w, https:\/\/francescogiuffridamagic.it\/wp-content\/uploads\/2017\/01\/maglietta-contorno-definito-420x482.jpg 420w, https:\/\/francescogiuffridamagic.it\/wp-content\/uploads\/2017\/01\/maglietta-contorno-definito-744x853.jpg 744w\" sizes=\"(max-width: 192px) 100vw, 192px\" \/><\/figure><\/div>\n\n\n\n<p>Lo spettacolo di magia \u00e8 l\u2019attrazione giusta per meeting, congressi, convention aziendali, cerimonie, cene di gala, feste private, compleanni, serate nei locali notturni ed eventi di ogni genere.<br>Le performace sono di forteimpatto sul pubblico, realizzate con numeri di alta prestidigitazione e illusionismo eseguite con eleganza e sobriet\u00e0. Dalle Grandi Illusioni alla magia da scena dove tra foulard e candele l\u2019apparizione di delicate colombe bianche susciter\u00e0 grande stupore tra i presenti che verranno trasportati in un\u2019atmosfera dove l\u2019illusione sembra essere realt\u00e0!<\/p>\n\n\n\n<p>Lo spettacolo \u00e8 sempre personalizzato in base ai contesti e alle situazioni, interpretando al meglio le esigenze del cliente e le aspettative dei suoi ospiti, adulti o bambini.<\/p>\n\n\n\n<div class=\"wp-block-image\"><figure class=\"alignright is-resized\"><a href=\"https:\/\/francescogiuffridamagic.it\/wp-content\/uploads\/2013\/11\/MG_27701.jpg\" data-rel=\"lightbox-gallery-LgPuBKFn\" data-rl_title=\"\" data-rl_caption=\"\" title=\"\"><img loading=\"lazy\" decoding=\"async\" src=\"https:\/\/francescogiuffridamagic.it\/wp-content\/uploads\/2013\/11\/MG_27701.jpg\" alt=\"\" class=\"wp-image-94\" width=\"200\" height=\"133\" srcset=\"https:\/\/francescogiuffridamagic.it\/wp-content\/uploads\/2013\/11\/MG_27701.jpg 799w, https:\/\/francescogiuffridamagic.it\/wp-content\/uploads\/2013\/11\/MG_27701-300x199.jpg 300w\" sizes=\"(max-width: 200px) 100vw, 200px\" \/><\/a><\/figure><\/div>\n\n\n\n<p><strong><em>\u201cWizard\u201d:<\/em><\/strong> Uno straordinario spettacolo musicale con numeri professionali di alta prestidigitazione e illusionismo dove tra foulard, candele, liquidi sospesi, sparizioni e trasformazioni impossibili, l\u2019apparizione di delicate colombe bianche susciter\u00e0 grande stupore tra i presenti che verranno trasportati in un\u2019atmosfera dove l\u2019illusione sembra essere realt\u00e0!<\/p>\n\n\n\n<div class=\"wp-block-image\"><figure class=\"alignleft\"><a href=\"https:\/\/francescogiuffridamagic.it\/wp-content\/uploads\/2018\/02\/cubus.jpg\" data-rel=\"lightbox-gallery-LgPuBKFn\" data-rl_title=\"\" data-rl_caption=\"\" title=\"\"><img loading=\"lazy\" decoding=\"async\" width=\"240\" height=\"180\" src=\"https:\/\/francescogiuffridamagic.it\/wp-content\/uploads\/2018\/02\/cubus.jpg\" alt=\"\" class=\"wp-image-743\"\/><\/a><\/figure><\/div>\n\n\n\n<p><em><strong>\u201cCubus&#8221;<\/strong> <\/em>: Un sensazionale show in cui luci di colore e musiche incalzanti doneranno ai presenti un\u2019esperienza ai limiti della realt\u00e0 proponendo un effetto di Great Illusion, una spettacolare illusione in cui l\u2019assistente del performer introducendosi all\u2019interno di una particolare cabina sembrer\u00e0 smaterializzarsi nel nulla nelle due met\u00e0 in cui la cabina sar\u00e0 separata\u201d.<em>&nbsp;<\/em><\/p>\n\n\n\n<div class=\"wp-block-image\"><figure class=\"alignright is-resized\"><a href=\"https:\/\/francescogiuffridamagic.it\/wp-content\/uploads\/2017\/01\/13124873_1210600542286042_3632856758595720955_n-e1485352388380.jpg\" data-rel=\"lightbox-gallery-LgPuBKFn\" data-rl_title=\"\" data-rl_caption=\"\" title=\"\"><img loading=\"lazy\" decoding=\"async\" src=\"https:\/\/francescogiuffridamagic.it\/wp-content\/uploads\/2017\/01\/13124873_1210600542286042_3632856758595720955_n-e1485352388380.jpg\" alt=\"\" class=\"wp-image-539\" width=\"142\" height=\"150\"\/><\/a><\/figure><\/div>\n\n\n\n<p><em><strong>\u201cLevitate\u201d:<\/strong><\/em> Un suggestivo numero di levitazione, dove la fantasia dell\u2019illusionista diventa realt\u00e0! Un antico tavolino, spinto da una misteriosa forza, prender\u00e0 il volo e danzer\u00e0 davanti agli occhi increduli degli spettatori.<\/p>\n\n\n\n<div class=\"wp-block-image\"><figure class=\"alignleft is-resized\"><a href=\"https:\/\/francescogiuffridamagic.it\/wp-content\/uploads\/2018\/02\/21106894_1779919985382252_117011576263564195_n.jpg\" data-rel=\"lightbox-gallery-LgPuBKFn\" data-rl_title=\"\" data-rl_caption=\"\" title=\"\"><img loading=\"lazy\" decoding=\"async\" src=\"https:\/\/francescogiuffridamagic.it\/wp-content\/uploads\/2018\/02\/21106894_1779919985382252_117011576263564195_n.jpg\" alt=\"\" class=\"wp-image-753\" width=\"240\" height=\"114\"\/><\/a><\/figure><\/div>\n\n\n\n<p><strong><em>\u201cContact\u201d:<\/em><\/strong> Una performance di puro mentalismo, dove l\u2019abilit\u00e0 e il sesto senso dell\u2019illusionista verranno messi a dura prova e a stretto contatto con gli spettatori!<\/p>\n\n\n\n<div style=\"height:100px\" aria-hidden=\"true\" class=\"wp-block-spacer\"><\/div>\n\n\n\n<figure class=\"wp-block-video\"><video autoplay controls loop muted src=\"https:\/\/francescogiuffridamagic.it\/wp-content\/uploads\/2019\/01\/Wedding-Magic-Show.mp4\"><\/video><\/figure>\n\n\n\n<ul class=\"wp-block-gallery columns-3 is-cropped wp-block-gallery-1 is-layout-flex wp-block-gallery-is-layout-flex\"><li class=\"blocks-gallery-item\"><figure><img loading=\"lazy\" decoding=\"async\" width=\"702\" height=\"600\" src=\"https:\/\/francescogiuffridamagic.it\/wp-content\/uploads\/2017\/01\/13138742_1211755088837254_7407695926670257696_n-e1485352440843.jpg\" alt=\"\" data-id=\"540\" data-link=\"https:\/\/francescogiuffridamagic.it\/index.php\/servizi\/illusionismo\/13138742_1211755088837254_7407695926670257696_n\/\" class=\"wp-image-540\"\/><\/figure><\/li><li class=\"blocks-gallery-item\"><figure><img loading=\"lazy\" decoding=\"async\" width=\"800\" height=\"530\" src=\"https:\/\/francescogiuffridamagic.it\/wp-content\/uploads\/2013\/11\/524458_492787100734060_1516845911_n1.jpg\" alt=\"\" data-id=\"110\" data-link=\"https:\/\/francescogiuffridamagic.it\/index.php\/media\/foto\/524458_492787100734060_1516845911_n-2\/\" class=\"wp-image-110\" srcset=\"https:\/\/francescogiuffridamagic.it\/wp-content\/uploads\/2013\/11\/524458_492787100734060_1516845911_n1.jpg 800w, https:\/\/francescogiuffridamagic.it\/wp-content\/uploads\/2013\/11\/524458_492787100734060_1516845911_n1-300x198.jpg 300w\" sizes=\"(max-width: 800px) 100vw, 800px\" \/><\/figure><\/li><li class=\"blocks-gallery-item\"><figure><img loading=\"lazy\" decoding=\"async\" width=\"800\" height=\"530\" src=\"https:\/\/francescogiuffridamagic.it\/wp-content\/uploads\/2013\/11\/422874_196286080473554_299505979_n1.jpg\" alt=\"\" data-id=\"109\" data-link=\"https:\/\/francescogiuffridamagic.it\/index.php\/media\/foto\/422874_196286080473554_299505979_n-2\/\" class=\"wp-image-109\" srcset=\"https:\/\/francescogiuffridamagic.it\/wp-content\/uploads\/2013\/11\/422874_196286080473554_299505979_n1.jpg 800w, https:\/\/francescogiuffridamagic.it\/wp-content\/uploads\/2013\/11\/422874_196286080473554_299505979_n1-300x198.jpg 300w\" sizes=\"(max-width: 800px) 100vw, 800px\" \/><\/figure><\/li><li class=\"blocks-gallery-item\"><figure><img loading=\"lazy\" decoding=\"async\" width=\"799\" height=\"532\" src=\"https:\/\/francescogiuffridamagic.it\/wp-content\/uploads\/2013\/11\/MG_2852.jpg\" alt=\"\" data-id=\"98\" data-link=\"https:\/\/francescogiuffridamagic.it\/index.php\/media\/foto\/_mg_2852\/\" class=\"wp-image-98\" srcset=\"https:\/\/francescogiuffridamagic.it\/wp-content\/uploads\/2013\/11\/MG_2852.jpg 799w, https:\/\/francescogiuffridamagic.it\/wp-content\/uploads\/2013\/11\/MG_2852-300x199.jpg 300w\" sizes=\"(max-width: 799px) 100vw, 799px\" \/><\/figure><\/li><li class=\"blocks-gallery-item\"><figure><img loading=\"lazy\" decoding=\"async\" width=\"398\" height=\"600\" src=\"https:\/\/francescogiuffridamagic.it\/wp-content\/uploads\/2013\/11\/MG_28511.jpg\" alt=\"\" data-id=\"97\" data-link=\"https:\/\/francescogiuffridamagic.it\/index.php\/media\/foto\/_mg_2851-2\/\" class=\"wp-image-97\" srcset=\"https:\/\/francescogiuffridamagic.it\/wp-content\/uploads\/2013\/11\/MG_28511.jpg 398w, https:\/\/francescogiuffridamagic.it\/wp-content\/uploads\/2013\/11\/MG_28511-199x300.jpg 199w\" sizes=\"(max-width: 398px) 100vw, 398px\" \/><\/figure><\/li><li class=\"blocks-gallery-item\"><figure><img loading=\"lazy\" decoding=\"async\" width=\"799\" height=\"532\" src=\"https:\/\/francescogiuffridamagic.it\/wp-content\/uploads\/2013\/11\/MG_2835.jpg\" alt=\"\" data-id=\"96\" data-link=\"https:\/\/francescogiuffridamagic.it\/index.php\/media\/foto\/_mg_2835\/\" class=\"wp-image-96\" srcset=\"https:\/\/francescogiuffridamagic.it\/wp-content\/uploads\/2013\/11\/MG_2835.jpg 799w, https:\/\/francescogiuffridamagic.it\/wp-content\/uploads\/2013\/11\/MG_2835-300x199.jpg 300w\" sizes=\"(max-width: 799px) 100vw, 799px\" \/><\/figure><\/li><li class=\"blocks-gallery-item\"><figure><img loading=\"lazy\" decoding=\"async\" width=\"799\" height=\"532\" src=\"https:\/\/francescogiuffridamagic.it\/wp-content\/uploads\/2013\/11\/MG_28031.jpg\" alt=\"\" data-id=\"95\" data-link=\"https:\/\/francescogiuffridamagic.it\/index.php\/media\/foto\/_mg_2803-2\/\" class=\"wp-image-95\" srcset=\"https:\/\/francescogiuffridamagic.it\/wp-content\/uploads\/2013\/11\/MG_28031.jpg 799w, https:\/\/francescogiuffridamagic.it\/wp-content\/uploads\/2013\/11\/MG_28031-300x199.jpg 300w\" sizes=\"(max-width: 799px) 100vw, 799px\" \/><\/figure><\/li><li class=\"blocks-gallery-item\"><figure><img loading=\"lazy\" decoding=\"async\" width=\"799\" height=\"532\" src=\"https:\/\/francescogiuffridamagic.it\/wp-content\/uploads\/2013\/11\/MG_27701.jpg\" alt=\"\" data-id=\"94\" data-link=\"https:\/\/francescogiuffridamagic.it\/index.php\/media\/foto\/_mg_2770-2\/\" class=\"wp-image-94\" srcset=\"https:\/\/francescogiuffridamagic.it\/wp-content\/uploads\/2013\/11\/MG_27701.jpg 799w, https:\/\/francescogiuffridamagic.it\/wp-content\/uploads\/2013\/11\/MG_27701-300x199.jpg 300w\" sizes=\"(max-width: 799px) 100vw, 799px\" \/><\/figure><\/li><li class=\"blocks-gallery-item\"><figure><img loading=\"lazy\" decoding=\"async\" width=\"799\" height=\"532\" src=\"https:\/\/francescogiuffridamagic.it\/wp-content\/uploads\/2013\/11\/MG_2757.jpg\" alt=\"\" data-id=\"92\" data-link=\"https:\/\/francescogiuffridamagic.it\/index.php\/media\/foto\/_mg_2757\/\" class=\"wp-image-92\" srcset=\"https:\/\/francescogiuffridamagic.it\/wp-content\/uploads\/2013\/11\/MG_2757.jpg 799w, https:\/\/francescogiuffridamagic.it\/wp-content\/uploads\/2013\/11\/MG_2757-300x199.jpg 300w\" sizes=\"(max-width: 799px) 100vw, 799px\" \/><\/figure><\/li><li class=\"blocks-gallery-item\"><figure><img loading=\"lazy\" decoding=\"async\" width=\"799\" height=\"532\" src=\"https:\/\/francescogiuffridamagic.it\/wp-content\/uploads\/2013\/11\/MG_27481.jpg\" alt=\"\" data-id=\"90\" data-link=\"https:\/\/francescogiuffridamagic.it\/index.php\/media\/foto\/_mg_2748-2\/\" class=\"wp-image-90\" srcset=\"https:\/\/francescogiuffridamagic.it\/wp-content\/uploads\/2013\/11\/MG_27481.jpg 799w, https:\/\/francescogiuffridamagic.it\/wp-content\/uploads\/2013\/11\/MG_27481-300x199.jpg 300w\" sizes=\"(max-width: 799px) 100vw, 799px\" \/><\/figure><\/li><li class=\"blocks-gallery-item\"><figure><img loading=\"lazy\" decoding=\"async\" width=\"799\" height=\"532\" src=\"https:\/\/francescogiuffridamagic.it\/wp-content\/uploads\/2013\/11\/MG_2752.jpg\" alt=\"\" data-id=\"91\" data-link=\"https:\/\/francescogiuffridamagic.it\/index.php\/media\/foto\/_mg_2752\/\" class=\"wp-image-91\" srcset=\"https:\/\/francescogiuffridamagic.it\/wp-content\/uploads\/2013\/11\/MG_2752.jpg 799w, https:\/\/francescogiuffridamagic.it\/wp-content\/uploads\/2013\/11\/MG_2752-300x199.jpg 300w\" sizes=\"(max-width: 799px) 100vw, 799px\" \/><\/figure><\/li><li class=\"blocks-gallery-item\"><figure><img loading=\"lazy\" decoding=\"async\" width=\"800\" height=\"600\" src=\"https:\/\/francescogiuffridamagic.it\/wp-content\/uploads\/2013\/11\/2-Festival-della-Magia-Centro-Sicula1.jpg\" alt=\"\" data-id=\"101\" data-link=\"https:\/\/francescogiuffridamagic.it\/index.php\/media\/foto\/2-festival-della-magia-centro-sicula-3\/\" class=\"wp-image-101\" srcset=\"https:\/\/francescogiuffridamagic.it\/wp-content\/uploads\/2013\/11\/2-Festival-della-Magia-Centro-Sicula1.jpg 800w, https:\/\/francescogiuffridamagic.it\/wp-content\/uploads\/2013\/11\/2-Festival-della-Magia-Centro-Sicula1-300x225.jpg 300w\" sizes=\"(max-width: 800px) 100vw, 800px\" \/><\/figure><\/li><\/ul>\n","protected":false},"excerpt":{"rendered":"<p>Lo spettacolo di magia \u00e8 l\u2019attrazione giusta per meeting, congressi, convention aziendali, cerimonie, cene di gala, feste private, compleanni, serate nei locali notturni ed eventi di ogni genere.Le performace sono &#8230;<\/p>\n","protected":false},"author":1,"featured_media":0,"parent":19,"menu_order":0,"comment_status":"closed","ping_status":"closed","template":"","meta":{"footnotes":""},"yoast_head":"<!-- This site is optimized with the Yoast SEO plugin v22.4 - https:\/\/yoast.com\/wordpress\/plugins\/seo\/ -->\n<title>Magic Show - Official Website Francesco Giuffrida - Magic - Illusion - Entertainment<\/title>\n<meta name=\"description\" content=\"Dalle Grandi Illusioni alla magia da scena dove tra foulard e candele l\u2019apparizione di delicate colombe bianche susciter\u00e0 grande stupore tra i presenti che verranno trasportati in un\u2019atmosfera dove l\u2019illusione sembra essere realt\u00e0!\" \/>\n<meta name=\"robots\" content=\"index, follow, max-snippet:-1, max-image-preview:large, max-video-preview:-1\" \/>\n<link rel=\"canonical\" href=\"https:\/\/francescogiuffridamagic.it\/index.php\/servizi\/illusionismo\/\" \/>\n<meta property=\"og:locale\" content=\"it_IT\" \/>\n<meta property=\"og:type\" content=\"article\" \/>\n<meta property=\"og:title\" content=\"Magic Show - Official Website Francesco Giuffrida - Magic - Illusion - Entertainment\" \/>\n<meta property=\"og:description\" content=\"Dalle Grandi Illusioni alla magia da scena dove tra foulard e candele l\u2019apparizione di delicate colombe bianche susciter\u00e0 grande stupore tra i presenti che verranno trasportati in un\u2019atmosfera dove l\u2019illusione sembra essere realt\u00e0!\" \/>\n<meta property=\"og:url\" content=\"https:\/\/francescogiuffridamagic.it\/index.php\/servizi\/illusionismo\/\" \/>\n<meta property=\"og:site_name\" content=\"Official Website Francesco Giuffrida - Magic - Illusion - Entertainment\" \/>\n<meta property=\"article:publisher\" content=\"https:\/\/www.facebook.com\/francescogiuffridamagic\/\" \/>\n<meta property=\"article:modified_time\" content=\"2019-01-29T18:11:55+00:00\" \/>\n<meta property=\"og:image\" content=\"https:\/\/francescogiuffridamagic.it\/wp-content\/uploads\/2017\/01\/maglietta-contorno-definito.jpg\" \/>\n<meta name=\"twitter:label1\" content=\"Tempo di lettura stimato\" \/>\n\t<meta name=\"twitter:data1\" content=\"1 minuto\" \/>\n<script type=\"application\/ld+json\" class=\"yoast-schema-graph\">{\"@context\":\"https:\/\/schema.org\",\"@graph\":[{\"@type\":\"WebPage\",\"@id\":\"https:\/\/francescogiuffridamagic.it\/index.php\/servizi\/illusionismo\/\",\"url\":\"https:\/\/francescogiuffridamagic.it\/index.php\/servizi\/illusionismo\/\",\"name\":\"Magic Show - Official Website Francesco Giuffrida - Magic - Illusion - Entertainment\",\"isPartOf\":{\"@id\":\"https:\/\/francescogiuffridamagic.it\/#website\"},\"primaryImageOfPage\":{\"@id\":\"https:\/\/francescogiuffridamagic.it\/index.php\/servizi\/illusionismo\/#primaryimage\"},\"image\":{\"@id\":\"https:\/\/francescogiuffridamagic.it\/index.php\/servizi\/illusionismo\/#primaryimage\"},\"thumbnailUrl\":\"https:\/\/francescogiuffridamagic.it\/wp-content\/uploads\/2017\/01\/maglietta-contorno-definito.jpg\",\"datePublished\":\"2013-11-28T18:02:36+00:00\",\"dateModified\":\"2019-01-29T18:11:55+00:00\",\"description\":\"Dalle Grandi Illusioni alla magia da scena dove tra foulard e candele l\u2019apparizione di delicate colombe bianche susciter\u00e0 grande stupore tra i presenti che verranno trasportati in un\u2019atmosfera dove l\u2019illusione sembra essere realt\u00e0!\",\"breadcrumb\":{\"@id\":\"https:\/\/francescogiuffridamagic.it\/index.php\/servizi\/illusionismo\/#breadcrumb\"},\"inLanguage\":\"it-IT\",\"potentialAction\":[{\"@type\":\"ReadAction\",\"target\":[\"https:\/\/francescogiuffridamagic.it\/index.php\/servizi\/illusionismo\/\"]}]},{\"@type\":\"ImageObject\",\"inLanguage\":\"it-IT\",\"@id\":\"https:\/\/francescogiuffridamagic.it\/index.php\/servizi\/illusionismo\/#primaryimage\",\"url\":\"https:\/\/francescogiuffridamagic.it\/wp-content\/uploads\/2017\/01\/maglietta-contorno-definito.jpg\",\"contentUrl\":\"https:\/\/francescogiuffridamagic.it\/wp-content\/uploads\/2017\/01\/maglietta-contorno-definito.jpg\",\"width\":768,\"height\":881},{\"@type\":\"BreadcrumbList\",\"@id\":\"https:\/\/francescogiuffridamagic.it\/index.php\/servizi\/illusionismo\/#breadcrumb\",\"itemListElement\":[{\"@type\":\"ListItem\",\"position\":1,\"name\":\"Servizi\",\"item\":\"https:\/\/francescogiuffridamagic.it\/index.php\/servizi\/\"},{\"@type\":\"ListItem\",\"position\":2,\"name\":\"Magic Show\"}]},{\"@type\":\"WebSite\",\"@id\":\"https:\/\/francescogiuffridamagic.it\/#website\",\"url\":\"https:\/\/francescogiuffridamagic.it\/\",\"name\":\"Official Website Francesco Giuffrida - Magic - Illusion - Entertainment\",\"description\":\"Mago, prestigiatore e illusionista! Magia, illusionismo e intrattenimento per rendere uniche le vostre feste o eventi di ogni genere! Spettacoli di magia e animazione per matrimoni, compleanni, feste, ricevimenti e tutto ci\u00f2 possa essere reso indimenticabile!\",\"publisher\":{\"@id\":\"https:\/\/francescogiuffridamagic.it\/#organization\"},\"potentialAction\":[{\"@type\":\"SearchAction\",\"target\":{\"@type\":\"EntryPoint\",\"urlTemplate\":\"https:\/\/francescogiuffridamagic.it\/?s={search_term_string}\"},\"query-input\":\"required name=search_term_string\"}],\"inLanguage\":\"it-IT\"},{\"@type\":\"Organization\",\"@id\":\"https:\/\/francescogiuffridamagic.it\/#organization\",\"name\":\"Francesco Giuffrida magic - illusion - entertainment\",\"url\":\"https:\/\/francescogiuffridamagic.it\/\",\"logo\":{\"@type\":\"ImageObject\",\"inLanguage\":\"it-IT\",\"@id\":\"https:\/\/francescogiuffridamagic.it\/#\/schema\/logo\/image\/\",\"url\":\"https:\/\/francescogiuffridamagic.it\/wp-content\/uploads\/2018\/06\/francesco-giuffrida.jpg\",\"contentUrl\":\"https:\/\/francescogiuffridamagic.it\/wp-content\/uploads\/2018\/06\/francesco-giuffrida.jpg\",\"width\":591,\"height\":591,\"caption\":\"Francesco Giuffrida magic - illusion - entertainment\"},\"image\":{\"@id\":\"https:\/\/francescogiuffridamagic.it\/#\/schema\/logo\/image\/\"},\"sameAs\":[\"https:\/\/www.facebook.com\/francescogiuffridamagic\/\",\"https:\/\/www.instagram.com\/francesco.giuffrida.magic\/\",\"https:\/\/www.youtube.com\/channel\/UCrJXC687v4SCgVxLzb8gcHA?view_as=subscriber\"]}]}<\/script>\n<!-- \/ Yoast SEO plugin. -->","yoast_head_json":{"title":"Magic Show - Official Website Francesco Giuffrida - Magic - Illusion - Entertainment","description":"Dalle Grandi Illusioni alla magia da scena dove tra foulard e candele l\u2019apparizione di delicate colombe bianche susciter\u00e0 grande stupore tra i presenti che verranno trasportati in un\u2019atmosfera dove l\u2019illusione sembra essere realt\u00e0!","robots":{"index":"index","follow":"follow","max-snippet":"max-snippet:-1","max-image-preview":"max-image-preview:large","max-video-preview":"max-video-preview:-1"},"canonical":"https:\/\/francescogiuffridamagic.it\/index.php\/servizi\/illusionismo\/","og_locale":"it_IT","og_type":"article","og_title":"Magic Show - Official Website Francesco Giuffrida - Magic - Illusion - Entertainment","og_description":"Dalle Grandi Illusioni alla magia da scena dove tra foulard e candele l\u2019apparizione di delicate colombe bianche susciter\u00e0 grande stupore tra i presenti che verranno trasportati in un\u2019atmosfera dove l\u2019illusione sembra essere realt\u00e0!","og_url":"https:\/\/francescogiuffridamagic.it\/index.php\/servizi\/illusionismo\/","og_site_name":"Official Website Francesco Giuffrida - Magic - Illusion - Entertainment","article_publisher":"https:\/\/www.facebook.com\/francescogiuffridamagic\/","article_modified_time":"2019-01-29T18:11:55+00:00","og_image":[{"url":"https:\/\/francescogiuffridamagic.it\/wp-content\/uploads\/2017\/01\/maglietta-contorno-definito.jpg"}],"twitter_misc":{"Tempo di lettura stimato":"1 minuto"},"schema":{"@context":"https:\/\/schema.org","@graph":[{"@type":"WebPage","@id":"https:\/\/francescogiuffridamagic.it\/index.php\/servizi\/illusionismo\/","url":"https:\/\/francescogiuffridamagic.it\/index.php\/servizi\/illusionismo\/","name":"Magic Show - Official Website Francesco Giuffrida - Magic - Illusion - Entertainment","isPartOf":{"@id":"https:\/\/francescogiuffridamagic.it\/#website"},"primaryImageOfPage":{"@id":"https:\/\/francescogiuffridamagic.it\/index.php\/servizi\/illusionismo\/#primaryimage"},"image":{"@id":"https:\/\/francescogiuffridamagic.it\/index.php\/servizi\/illusionismo\/#primaryimage"},"thumbnailUrl":"https:\/\/francescogiuffridamagic.it\/wp-content\/uploads\/2017\/01\/maglietta-contorno-definito.jpg","datePublished":"2013-11-28T18:02:36+00:00","dateModified":"2019-01-29T18:11:55+00:00","description":"Dalle Grandi Illusioni alla magia da scena dove tra foulard e candele l\u2019apparizione di delicate colombe bianche susciter\u00e0 grande stupore tra i presenti che verranno trasportati in un\u2019atmosfera dove l\u2019illusione sembra essere realt\u00e0!","breadcrumb":{"@id":"https:\/\/francescogiuffridamagic.it\/index.php\/servizi\/illusionismo\/#breadcrumb"},"inLanguage":"it-IT","potentialAction":[{"@type":"ReadAction","target":["https:\/\/francescogiuffridamagic.it\/index.php\/servizi\/illusionismo\/"]}]},{"@type":"ImageObject","inLanguage":"it-IT","@id":"https:\/\/francescogiuffridamagic.it\/index.php\/servizi\/illusionismo\/#primaryimage","url":"https:\/\/francescogiuffridamagic.it\/wp-content\/uploads\/2017\/01\/maglietta-contorno-definito.jpg","contentUrl":"https:\/\/francescogiuffridamagic.it\/wp-content\/uploads\/2017\/01\/maglietta-contorno-definito.jpg","width":768,"height":881},{"@type":"BreadcrumbList","@id":"https:\/\/francescogiuffridamagic.it\/index.php\/servizi\/illusionismo\/#breadcrumb","itemListElement":[{"@type":"ListItem","position":1,"name":"Servizi","item":"https:\/\/francescogiuffridamagic.it\/index.php\/servizi\/"},{"@type":"ListItem","position":2,"name":"Magic Show"}]},{"@type":"WebSite","@id":"https:\/\/francescogiuffridamagic.it\/#website","url":"https:\/\/francescogiuffridamagic.it\/","name":"Official Website Francesco Giuffrida - Magic - Illusion - Entertainment","description":"Mago, prestigiatore e illusionista! Magia, illusionismo e intrattenimento per rendere uniche le vostre feste o eventi di ogni genere! Spettacoli di magia e animazione per matrimoni, compleanni, feste, ricevimenti e tutto ci\u00f2 possa essere reso indimenticabile!","publisher":{"@id":"https:\/\/francescogiuffridamagic.it\/#organization"},"potentialAction":[{"@type":"SearchAction","target":{"@type":"EntryPoint","urlTemplate":"https:\/\/francescogiuffridamagic.it\/?s={search_term_string}"},"query-input":"required name=search_term_string"}],"inLanguage":"it-IT"},{"@type":"Organization","@id":"https:\/\/francescogiuffridamagic.it\/#organization","name":"Francesco Giuffrida magic - illusion - entertainment","url":"https:\/\/francescogiuffridamagic.it\/","logo":{"@type":"ImageObject","inLanguage":"it-IT","@id":"https:\/\/francescogiuffridamagic.it\/#\/schema\/logo\/image\/","url":"https:\/\/francescogiuffridamagic.it\/wp-content\/uploads\/2018\/06\/francesco-giuffrida.jpg","contentUrl":"https:\/\/francescogiuffridamagic.it\/wp-content\/uploads\/2018\/06\/francesco-giuffrida.jpg","width":591,"height":591,"caption":"Francesco Giuffrida magic - illusion - entertainment"},"image":{"@id":"https:\/\/francescogiuffridamagic.it\/#\/schema\/logo\/image\/"},"sameAs":["https:\/\/www.facebook.com\/francescogiuffridamagic\/","https:\/\/www.instagram.com\/francesco.giuffrida.magic\/","https:\/\/www.youtube.com\/channel\/UCrJXC687v4SCgVxLzb8gcHA?view_as=subscriber"]}]}},"_links":{"self":[{"href":"https:\/\/francescogiuffridamagic.it\/index.php\/wp-json\/wp\/v2\/pages\/51"}],"collection":[{"href":"https:\/\/francescogiuffridamagic.it\/index.php\/wp-json\/wp\/v2\/pages"}],"about":[{"href":"https:\/\/francescogiuffridamagic.it\/index.php\/wp-json\/wp\/v2\/types\/page"}],"author":[{"embeddable":true,"href":"https:\/\/francescogiuffridamagic.it\/index.php\/wp-json\/wp\/v2\/users\/1"}],"replies":[{"embeddable":true,"href":"https:\/\/francescogiuffridamagic.it\/index.php\/wp-json\/wp\/v2\/comments?post=51"}],"version-history":[{"count":40,"href":"https:\/\/francescogiuffridamagic.it\/index.php\/wp-json\/wp\/v2\/pages\/51\/revisions"}],"predecessor-version":[{"id":1361,"href":"https:\/\/francescogiuffridamagic.it\/index.php\/wp-json\/wp\/v2\/pages\/51\/revisions\/1361"}],"up":[{"embeddable":true,"href":"https:\/\/francescogiuffridamagic.it\/index.php\/wp-json\/wp\/v2\/pages\/19"}],"wp:attachment":[{"href":"https:\/\/francescogiuffridamagic.it\/index.php\/wp-json\/wp\/v2\/media?parent=51"}],"curies":[{"name":"wp","href":"https:\/\/api.w.org\/{rel}","templated":true}]}}