{"id":561,"date":"2017-04-19T12:26:18","date_gmt":"2017-04-19T10:26:18","guid":{"rendered":"https:\/\/francescogiuffridamagic.it\/?page_id=561"},"modified":"2018-02-20T17:12:20","modified_gmt":"2018-02-20T16:12:20","slug":"butterfly-rilascio-delle-farfalle","status":"publish","type":"page","link":"https:\/\/francescogiuffridamagic.it\/index.php\/butterfly-rilascio-delle-farfalle\/","title":{"rendered":"Butterfly &#8211; Il rilascio delle farfalle"},"content":{"rendered":"<p><a href=\"https:\/\/francescogiuffridamagic.it\/wp-content\/uploads\/2017\/04\/BANNERWEB.jpg\" data-rel=\"lightbox-gallery-yMxKEc0S\" data-rl_title=\"\" data-rl_caption=\"\" title=\"\"><img loading=\"lazy\" decoding=\"async\" class=\"aligncenter wp-image-560 size-full\" src=\"https:\/\/francescogiuffridamagic.it\/wp-content\/uploads\/2017\/04\/BANNERWEB.jpg\" alt=\"Butterfly - Il rilascio delle Farfalle\" width=\"640\" height=\"480\" srcset=\"https:\/\/francescogiuffridamagic.it\/wp-content\/uploads\/2017\/04\/BANNERWEB.jpg 640w, https:\/\/francescogiuffridamagic.it\/wp-content\/uploads\/2017\/04\/BANNERWEB-420x315.jpg 420w\" sizes=\"(max-width: 640px) 100vw, 640px\" \/><\/a><\/p>\n<p>Rendi suggestivo il tuo evento con il rilascio delle farfalle.<\/p>\n<p>In occasione del matrimonio, di una cresima, di un compleanno o un\u2019inaugurazione, fai librare in volo una \u201cnuvola di farfalle, simbolo di purezza e delicatezza, che crea un effetto improvviso e straordinario. Le farfalle possono essere liberate tutte insieme da un\u2019unica scatola oppure si possono coinvolgere maggiormente gli invitati dando a ciascuno una scatolina contenente una singola farfalla che, una volta rilasciata, si unir\u00e0 alle altre creando un effetto meraviglioso.<\/p>\n<p>Una novit\u00e0 dalle mille emozioni, che oltre alla spettacolarit\u00e0 coreografica e all\u2019aspetto simbolico, racchiude un profondo ed importante gesto per la natura: le nostre farfalle non sono catturate e sottratte all\u2019ambiente, ma sono allevate in maniera biologica e sostenibile presso i nostri allevamenti, trattate con cura e rispetto e il loro rilascio contribuisce a ripopolare le colonie ormai decimate dalle attivit\u00e0 dell\u2019uomo.<\/p>\n<p>Un\u2019idea originale, che render\u00e0 l\u2019atmosfera magica ed il tuo evento indimenticabile.<\/p>\n<p><iframe loading=\"lazy\" src=\"https:\/\/www.youtube.com\/embed\/51kqyNwC444?rel=0&amp;showinfo=0\" width=\"1024\" height=\"768\" frameborder=\"0\" allowfullscreen=\"allowfullscreen\"><span data-mce-type=\"bookmark\" style=\"display: inline-block; width: 0px; overflow: hidden; line-height: 0;\" class=\"mce_SELRES_start\">\ufeff<\/span><\/iframe><\/p>\n<h3><em>\u201cSimbolo di trasformazione, purezza e auguri\u201d.<\/em><\/h3>\n<p>Il Butterfly release \u00e8 un&#8217;usanza proveniente dai paesi anglosassoni ed \u00e8 un rituale beneaugurante svolto durante i momenti significativi della vita in cerimonie o ricorrenze.<\/p>\n<p>Nasce dall&#8217;attenzione dei nativi americani per la natura che li circondava ed in particolare per le farfalle che, per il loro straordinario ciclo vitale, destavano incredulit\u00e0 e rispetto. Numerose sono le leggende soprattutto nel continente americano tra le trib\u00f9 come i Navajo o gli Hopi.<\/p>\n<p>Una di queste racconta: <em>\u201cSe vuoi che un desiderio si trasformi in realt\u00e0, devi esprimerlo alle farfalle, che da sole e senza emettere nessun suono potranno arrivare in cielo e riferirlo a Dio\u201d<\/em>.<\/p>\n<p>Le cerimonie sono piene di simboli che gli invitati riconoscono, qui si tratta di trasmettere il significato di questo nuovo simbolo agli ospiti, cos\u00ec da creare un ambiente in cui la liberazione non avr\u00e0 solamente una ragione estetica, ma andr\u00e0 pure ad arricchire il simbolismo tradizionale della cerimonia.<br \/>\nQuesta poesia \u00a0fornisce lo spunto per una breve introduzione al significato della liberazione di farfalle:<br \/>\n<em>&#8220;Quando vuoi trasformare i tuoi desideri in realt\u00e0 sussurrali a una farfalla mentre le restituisci la sua libert\u00e0 lei voler\u00e0 via piena di gratitudine e la gioia e l&#8217;amore verranno a te&#8221;<\/em><\/p>\n<p><a href=\"https:\/\/francescogiuffridamagic.it\/wp-content\/uploads\/2017\/04\/Pieris-brassicae-1.jpg\" data-rel=\"lightbox-gallery-yMxKEc0S\" data-rl_title=\"\" data-rl_caption=\"\" title=\"\"><img loading=\"lazy\" decoding=\"async\" class=\"size-thumbnail wp-image-569 alignright\" src=\"https:\/\/francescogiuffridamagic.it\/wp-content\/uploads\/2017\/04\/Pieris-brassicae-1-420x280.jpg\" alt=\"\" width=\"420\" height=\"280\" srcset=\"https:\/\/francescogiuffridamagic.it\/wp-content\/uploads\/2017\/04\/Pieris-brassicae-1-420x280.jpg 420w, https:\/\/francescogiuffridamagic.it\/wp-content\/uploads\/2017\/04\/Pieris-brassicae-1.jpg 640w\" sizes=\"(max-width: 420px) 100vw, 420px\" \/><\/a>Le nostre farfalle sono allevate in maniera sostenibile, non vengono raccolte in natura, non fanno parte di specie protetta, le loro piante alimentari sono endemiche dell\u2019Italia e il loro rilascio contribuisce a ripopolare le colonie ormai decimate dalle attivit\u00e0 dell\u2019uomo. Il loro sviluppo, presso il nostro allevamento biologico \u00e8 programmato in modo tale che il volo che faranno al momento del rilascio sar\u00e0 il loro primo volo.<\/p>\n<p>Trattiamo le nostre farfalle con la massima cura e rispetto. Per questo motivo chiediamo anche ai nostri clienti di fare altrettanto rispettando queste semplici regole:<\/p>\n<ul>\n<li>Assicurarsi di seguire alla lettera tutte le nostre istruzioni<\/li>\n<li>Non abbandonare mai le farfalle all\u2019interno di veicoli<\/li>\n<li>Non liberare le farfalle al chiuso<\/li>\n<li>Non liberare le farfalle dopo il tramonto o in periodi dell\u2019anno non adatti<\/li>\n<\/ul>\n<p>Nel caso non vengano accettate queste condizioni, ci riserviamo di non procedere con la fornitura delle farfalle.<\/p>\n<h3>Tipi di rilascio:<\/h3>\n<ul>\n<li><strong>\u201cNuvola di farfalle\u201d<br \/>\n<\/strong>Le farfalle si librano simultaneamente da un\u2019unica scatola, creando un effetto \u201cnuvola\u201d improvviso e spettacolare.<br \/>\nIdeale per occasioni in cui si vuole stupire. Abbinato ai rilasci personali crea uno spettacolo magico e indimenticabile.<\/li>\n<li><strong>\u201cRilascio Personale\u201d<br \/>\n<\/strong>Le scatoline, contengono ognuna una farfalla. Nel momento del rilascio, ogni invitato avr\u00e0 la propria scatolina e potr\u00e0 cos\u00ec godersi il risveglio della farfalla a lui affidata. Alzando poi lo sguardo apprezzer\u00e0 l\u2019effetto magico dovuto al volo di tutte le farfalle degli ospiti. Molto suggestivo.<\/li>\n<\/ul>\n<p>Attraverso la singolarit\u00e0 del rilascio delle farfalle doniamo emozioni volte a sensibilizzare la gente al rispetto della natura e all\u2019importanza che rivestono gli insetti nell\u2019ecosistema. Sarebbe bello, in un futuro non troppo lontano, veder volare nei campi e nei giardini le stesse farfalle che anni fa si potevano facilmente incontrare.<\/p>\n<p><img loading=\"lazy\" decoding=\"async\" class=\"size-full wp-image-636 aligncenter\" src=\"https:\/\/francescogiuffridamagic.it\/wp-content\/uploads\/2017\/04\/17098170_714687992024099_6021316511709177831_n-1.png\" alt=\"\" width=\"940\" height=\"788\" srcset=\"https:\/\/francescogiuffridamagic.it\/wp-content\/uploads\/2017\/04\/17098170_714687992024099_6021316511709177831_n-1.png 940w, https:\/\/francescogiuffridamagic.it\/wp-content\/uploads\/2017\/04\/17098170_714687992024099_6021316511709177831_n-1-420x352.png 420w, https:\/\/francescogiuffridamagic.it\/wp-content\/uploads\/2017\/04\/17098170_714687992024099_6021316511709177831_n-1-744x624.png 744w, https:\/\/francescogiuffridamagic.it\/wp-content\/uploads\/2017\/04\/17098170_714687992024099_6021316511709177831_n-1-768x644.png 768w\" sizes=\"(max-width: 940px) 100vw, 940px\" \/><\/p>\n<p>&nbsp;<\/p>\n","protected":false},"excerpt":{"rendered":"<p>Rendi suggestivo il tuo evento con il rilascio delle farfalle. In occasione del matrimonio, di una cresima, di un compleanno o un\u2019inaugurazione, fai librare in volo una \u201cnuvola di farfalle, &#8230;<\/p>\n","protected":false},"author":1,"featured_media":0,"parent":0,"menu_order":0,"comment_status":"closed","ping_status":"closed","template":"","meta":{"footnotes":""},"yoast_head":"<!-- This site is optimized with the Yoast SEO plugin v22.4 - https:\/\/yoast.com\/wordpress\/plugins\/seo\/ -->\n<title>Butterfly - Il rilascio delle farfalle - Official Website Francesco Giuffrida - Magic - Illusion - Entertainment<\/title>\n<meta name=\"robots\" content=\"index, follow, max-snippet:-1, max-image-preview:large, max-video-preview:-1\" \/>\n<link rel=\"canonical\" href=\"https:\/\/francescogiuffridamagic.it\/index.php\/butterfly-rilascio-delle-farfalle\/\" \/>\n<meta property=\"og:locale\" content=\"it_IT\" \/>\n<meta property=\"og:type\" content=\"article\" \/>\n<meta property=\"og:title\" content=\"Butterfly - Il rilascio delle farfalle - Official Website Francesco Giuffrida - Magic - Illusion - Entertainment\" \/>\n<meta property=\"og:description\" content=\"Rendi suggestivo il tuo evento con il rilascio delle farfalle. In occasione del matrimonio, di una cresima, di un compleanno o un\u2019inaugurazione, fai librare in volo una \u201cnuvola di farfalle, ...\" \/>\n<meta property=\"og:url\" content=\"https:\/\/francescogiuffridamagic.it\/index.php\/butterfly-rilascio-delle-farfalle\/\" \/>\n<meta property=\"og:site_name\" content=\"Official Website Francesco Giuffrida - Magic - Illusion - Entertainment\" \/>\n<meta property=\"article:publisher\" content=\"https:\/\/www.facebook.com\/francescogiuffridamagic\/\" \/>\n<meta property=\"article:modified_time\" content=\"2018-02-20T16:12:20+00:00\" \/>\n<meta property=\"og:image\" content=\"https:\/\/francescogiuffridamagic.it\/wp-content\/uploads\/2017\/04\/BANNERWEB.jpg\" \/>\n<meta name=\"twitter:label1\" content=\"Tempo di lettura stimato\" \/>\n\t<meta name=\"twitter:data1\" content=\"3 minuti\" \/>\n<script type=\"application\/ld+json\" class=\"yoast-schema-graph\">{\"@context\":\"https:\/\/schema.org\",\"@graph\":[{\"@type\":\"WebPage\",\"@id\":\"https:\/\/francescogiuffridamagic.it\/index.php\/butterfly-rilascio-delle-farfalle\/\",\"url\":\"https:\/\/francescogiuffridamagic.it\/index.php\/butterfly-rilascio-delle-farfalle\/\",\"name\":\"Butterfly - Il rilascio delle farfalle - Official Website Francesco Giuffrida - Magic - Illusion - Entertainment\",\"isPartOf\":{\"@id\":\"https:\/\/francescogiuffridamagic.it\/#website\"},\"primaryImageOfPage\":{\"@id\":\"https:\/\/francescogiuffridamagic.it\/index.php\/butterfly-rilascio-delle-farfalle\/#primaryimage\"},\"image\":{\"@id\":\"https:\/\/francescogiuffridamagic.it\/index.php\/butterfly-rilascio-delle-farfalle\/#primaryimage\"},\"thumbnailUrl\":\"https:\/\/francescogiuffridamagic.it\/wp-content\/uploads\/2017\/04\/BANNERWEB.jpg\",\"datePublished\":\"2017-04-19T10:26:18+00:00\",\"dateModified\":\"2018-02-20T16:12:20+00:00\",\"inLanguage\":\"it-IT\",\"potentialAction\":[{\"@type\":\"ReadAction\",\"target\":[\"https:\/\/francescogiuffridamagic.it\/index.php\/butterfly-rilascio-delle-farfalle\/\"]}]},{\"@type\":\"ImageObject\",\"inLanguage\":\"it-IT\",\"@id\":\"https:\/\/francescogiuffridamagic.it\/index.php\/butterfly-rilascio-delle-farfalle\/#primaryimage\",\"url\":\"https:\/\/francescogiuffridamagic.it\/wp-content\/uploads\/2017\/04\/BANNERWEB.jpg\",\"contentUrl\":\"https:\/\/francescogiuffridamagic.it\/wp-content\/uploads\/2017\/04\/BANNERWEB.jpg\",\"width\":640,\"height\":480,\"caption\":\"All\u2019uscita dalla chiesa o durante il brindisi ecco librarsi in volo una \u201cnuvola\u201d di farfalle, simbolo di purezza e delicatezza, che crea un effetto improvviso e spettacolare.\"},{\"@type\":\"WebSite\",\"@id\":\"https:\/\/francescogiuffridamagic.it\/#website\",\"url\":\"https:\/\/francescogiuffridamagic.it\/\",\"name\":\"Official Website Francesco Giuffrida - Magic - Illusion - Entertainment\",\"description\":\"Mago, prestigiatore e illusionista! Magia, illusionismo e intrattenimento per rendere uniche le vostre feste o eventi di ogni genere! Spettacoli di magia e animazione per matrimoni, compleanni, feste, ricevimenti e tutto ci\u00f2 possa essere reso indimenticabile!\",\"publisher\":{\"@id\":\"https:\/\/francescogiuffridamagic.it\/#organization\"},\"potentialAction\":[{\"@type\":\"SearchAction\",\"target\":{\"@type\":\"EntryPoint\",\"urlTemplate\":\"https:\/\/francescogiuffridamagic.it\/?s={search_term_string}\"},\"query-input\":\"required name=search_term_string\"}],\"inLanguage\":\"it-IT\"},{\"@type\":\"Organization\",\"@id\":\"https:\/\/francescogiuffridamagic.it\/#organization\",\"name\":\"Francesco Giuffrida magic - illusion - entertainment\",\"url\":\"https:\/\/francescogiuffridamagic.it\/\",\"logo\":{\"@type\":\"ImageObject\",\"inLanguage\":\"it-IT\",\"@id\":\"https:\/\/francescogiuffridamagic.it\/#\/schema\/logo\/image\/\",\"url\":\"https:\/\/francescogiuffridamagic.it\/wp-content\/uploads\/2018\/06\/francesco-giuffrida.jpg\",\"contentUrl\":\"https:\/\/francescogiuffridamagic.it\/wp-content\/uploads\/2018\/06\/francesco-giuffrida.jpg\",\"width\":591,\"height\":591,\"caption\":\"Francesco Giuffrida magic - illusion - entertainment\"},\"image\":{\"@id\":\"https:\/\/francescogiuffridamagic.it\/#\/schema\/logo\/image\/\"},\"sameAs\":[\"https:\/\/www.facebook.com\/francescogiuffridamagic\/\",\"https:\/\/www.instagram.com\/francesco.giuffrida.magic\/\",\"https:\/\/www.youtube.com\/channel\/UCrJXC687v4SCgVxLzb8gcHA?view_as=subscriber\"]}]}<\/script>\n<!-- \/ Yoast SEO plugin. -->","yoast_head_json":{"title":"Butterfly - Il rilascio delle farfalle - Official Website Francesco Giuffrida - Magic - Illusion - Entertainment","robots":{"index":"index","follow":"follow","max-snippet":"max-snippet:-1","max-image-preview":"max-image-preview:large","max-video-preview":"max-video-preview:-1"},"canonical":"https:\/\/francescogiuffridamagic.it\/index.php\/butterfly-rilascio-delle-farfalle\/","og_locale":"it_IT","og_type":"article","og_title":"Butterfly - Il rilascio delle farfalle - Official Website Francesco Giuffrida - Magic - Illusion - Entertainment","og_description":"Rendi suggestivo il tuo evento con il rilascio delle farfalle. In occasione del matrimonio, di una cresima, di un compleanno o un\u2019inaugurazione, fai librare in volo una \u201cnuvola di farfalle, ...","og_url":"https:\/\/francescogiuffridamagic.it\/index.php\/butterfly-rilascio-delle-farfalle\/","og_site_name":"Official Website Francesco Giuffrida - Magic - Illusion - Entertainment","article_publisher":"https:\/\/www.facebook.com\/francescogiuffridamagic\/","article_modified_time":"2018-02-20T16:12:20+00:00","og_image":[{"url":"https:\/\/francescogiuffridamagic.it\/wp-content\/uploads\/2017\/04\/BANNERWEB.jpg"}],"twitter_misc":{"Tempo di lettura stimato":"3 minuti"},"schema":{"@context":"https:\/\/schema.org","@graph":[{"@type":"WebPage","@id":"https:\/\/francescogiuffridamagic.it\/index.php\/butterfly-rilascio-delle-farfalle\/","url":"https:\/\/francescogiuffridamagic.it\/index.php\/butterfly-rilascio-delle-farfalle\/","name":"Butterfly - Il rilascio delle farfalle - Official Website Francesco Giuffrida - Magic - Illusion - Entertainment","isPartOf":{"@id":"https:\/\/francescogiuffridamagic.it\/#website"},"primaryImageOfPage":{"@id":"https:\/\/francescogiuffridamagic.it\/index.php\/butterfly-rilascio-delle-farfalle\/#primaryimage"},"image":{"@id":"https:\/\/francescogiuffridamagic.it\/index.php\/butterfly-rilascio-delle-farfalle\/#primaryimage"},"thumbnailUrl":"https:\/\/francescogiuffridamagic.it\/wp-content\/uploads\/2017\/04\/BANNERWEB.jpg","datePublished":"2017-04-19T10:26:18+00:00","dateModified":"2018-02-20T16:12:20+00:00","inLanguage":"it-IT","potentialAction":[{"@type":"ReadAction","target":["https:\/\/francescogiuffridamagic.it\/index.php\/butterfly-rilascio-delle-farfalle\/"]}]},{"@type":"ImageObject","inLanguage":"it-IT","@id":"https:\/\/francescogiuffridamagic.it\/index.php\/butterfly-rilascio-delle-farfalle\/#primaryimage","url":"https:\/\/francescogiuffridamagic.it\/wp-content\/uploads\/2017\/04\/BANNERWEB.jpg","contentUrl":"https:\/\/francescogiuffridamagic.it\/wp-content\/uploads\/2017\/04\/BANNERWEB.jpg","width":640,"height":480,"caption":"All\u2019uscita dalla chiesa o durante il brindisi ecco librarsi in volo una \u201cnuvola\u201d di farfalle, simbolo di purezza e delicatezza, che crea un effetto improvviso e spettacolare."},{"@type":"WebSite","@id":"https:\/\/francescogiuffridamagic.it\/#website","url":"https:\/\/francescogiuffridamagic.it\/","name":"Official Website Francesco Giuffrida - Magic - Illusion - Entertainment","description":"Mago, prestigiatore e illusionista! Magia, illusionismo e intrattenimento per rendere uniche le vostre feste o eventi di ogni genere! Spettacoli di magia e animazione per matrimoni, compleanni, feste, ricevimenti e tutto ci\u00f2 possa essere reso indimenticabile!","publisher":{"@id":"https:\/\/francescogiuffridamagic.it\/#organization"},"potentialAction":[{"@type":"SearchAction","target":{"@type":"EntryPoint","urlTemplate":"https:\/\/francescogiuffridamagic.it\/?s={search_term_string}"},"query-input":"required name=search_term_string"}],"inLanguage":"it-IT"},{"@type":"Organization","@id":"https:\/\/francescogiuffridamagic.it\/#organization","name":"Francesco Giuffrida magic - illusion - entertainment","url":"https:\/\/francescogiuffridamagic.it\/","logo":{"@type":"ImageObject","inLanguage":"it-IT","@id":"https:\/\/francescogiuffridamagic.it\/#\/schema\/logo\/image\/","url":"https:\/\/francescogiuffridamagic.it\/wp-content\/uploads\/2018\/06\/francesco-giuffrida.jpg","contentUrl":"https:\/\/francescogiuffridamagic.it\/wp-content\/uploads\/2018\/06\/francesco-giuffrida.jpg","width":591,"height":591,"caption":"Francesco Giuffrida magic - illusion - entertainment"},"image":{"@id":"https:\/\/francescogiuffridamagic.it\/#\/schema\/logo\/image\/"},"sameAs":["https:\/\/www.facebook.com\/francescogiuffridamagic\/","https:\/\/www.instagram.com\/francesco.giuffrida.magic\/","https:\/\/www.youtube.com\/channel\/UCrJXC687v4SCgVxLzb8gcHA?view_as=subscriber"]}]}},"_links":{"self":[{"href":"https:\/\/francescogiuffridamagic.it\/index.php\/wp-json\/wp\/v2\/pages\/561"}],"collection":[{"href":"https:\/\/francescogiuffridamagic.it\/index.php\/wp-json\/wp\/v2\/pages"}],"about":[{"href":"https:\/\/francescogiuffridamagic.it\/index.php\/wp-json\/wp\/v2\/types\/page"}],"author":[{"embeddable":true,"href":"https:\/\/francescogiuffridamagic.it\/index.php\/wp-json\/wp\/v2\/users\/1"}],"replies":[{"embeddable":true,"href":"https:\/\/francescogiuffridamagic.it\/index.php\/wp-json\/wp\/v2\/comments?post=561"}],"version-history":[{"count":58,"href":"https:\/\/francescogiuffridamagic.it\/index.php\/wp-json\/wp\/v2\/pages\/561\/revisions"}],"predecessor-version":[{"id":790,"href":"https:\/\/francescogiuffridamagic.it\/index.php\/wp-json\/wp\/v2\/pages\/561\/revisions\/790"}],"wp:attachment":[{"href":"https:\/\/francescogiuffridamagic.it\/index.php\/wp-json\/wp\/v2\/media?parent=561"}],"curies":[{"name":"wp","href":"https:\/\/api.w.org\/{rel}","templated":true}]}}