{"id":821,"date":"2018-02-20T20:06:12","date_gmt":"2018-02-20T19:06:12","guid":{"rendered":"https:\/\/francescogiuffridamagic.it\/?page_id=821"},"modified":"2019-01-11T10:01:11","modified_gmt":"2019-01-11T09:01:11","slug":"cake-video-mapping","status":"publish","type":"page","link":"https:\/\/francescogiuffridamagic.it\/index.php\/servizi\/cake-video-mapping\/","title":{"rendered":"Cake Video Mapping"},"content":{"rendered":"<p>Il Cake Video Mapping \u00e8 una novit\u00e0 che render\u00e0 memorabile il momento tanto atteso del taglio della torta. Un servizio nato in America ed ora finalmente disponibile anche qui per far sognare gli invitati.<\/p>\n<p>Attraverso una ricostruzione in 3D, sulla torta verr\u00e0 elaborata una videoproiezione con immagini, grafiche, animazioni e testi che accompagnati da una colonna sonora la renderanno l&#8217;elemento centrale dell&#8217;evento in uno show unico nel suo genere!<\/p>\n<p><iframe loading=\"lazy\" src=\"https:\/\/www.youtube.com\/embed\/tp5ISy3n6EM?rel=0&amp;showinfo=0\" width=\"1280\" height=\"720\" frameborder=\"0\" allowfullscreen=\"allowfullscreen\"><\/iframe><\/p>\n<p>Matrimonio, compleanno, laurea, inaugurazione o evento che sia, se volete stupire i vostri ospiti questo \u00e8 il servizio che fa per voi!<\/p>\n","protected":false},"excerpt":{"rendered":"<p>Il Cake Video Mapping \u00e8 una novit\u00e0 che render\u00e0 memorabile il momento tanto atteso del taglio della torta. Un servizio nato in America ed ora finalmente disponibile anche qui per &#8230;<\/p>\n","protected":false},"author":1,"featured_media":0,"parent":19,"menu_order":0,"comment_status":"closed","ping_status":"closed","template":"","meta":{"footnotes":""},"yoast_head":"<!-- This site is optimized with the Yoast SEO plugin v22.4 - https:\/\/yoast.com\/wordpress\/plugins\/seo\/ -->\n<title>Cake Video Mapping - Official Website Francesco Giuffrida - Magic - Illusion - Entertainment<\/title>\n<meta name=\"robots\" content=\"index, follow, max-snippet:-1, max-image-preview:large, max-video-preview:-1\" \/>\n<link rel=\"canonical\" href=\"https:\/\/francescogiuffridamagic.it\/index.php\/servizi\/cake-video-mapping\/\" \/>\n<meta property=\"og:locale\" content=\"it_IT\" \/>\n<meta property=\"og:type\" content=\"article\" \/>\n<meta property=\"og:title\" content=\"Cake Video Mapping - Official Website Francesco Giuffrida - Magic - Illusion - Entertainment\" \/>\n<meta property=\"og:description\" content=\"Il Cake Video Mapping \u00e8 una novit\u00e0 che render\u00e0 memorabile il momento tanto atteso del taglio della torta. Un servizio nato in America ed ora finalmente disponibile anche qui per ...\" \/>\n<meta property=\"og:url\" content=\"https:\/\/francescogiuffridamagic.it\/index.php\/servizi\/cake-video-mapping\/\" \/>\n<meta property=\"og:site_name\" content=\"Official Website Francesco Giuffrida - Magic - Illusion - Entertainment\" \/>\n<meta property=\"article:publisher\" content=\"https:\/\/www.facebook.com\/francescogiuffridamagic\/\" \/>\n<meta property=\"article:modified_time\" content=\"2019-01-11T09:01:11+00:00\" \/>\n<script type=\"application\/ld+json\" class=\"yoast-schema-graph\">{\"@context\":\"https:\/\/schema.org\",\"@graph\":[{\"@type\":\"WebPage\",\"@id\":\"https:\/\/francescogiuffridamagic.it\/index.php\/servizi\/cake-video-mapping\/\",\"url\":\"https:\/\/francescogiuffridamagic.it\/index.php\/servizi\/cake-video-mapping\/\",\"name\":\"Cake Video Mapping - Official Website Francesco Giuffrida - Magic - Illusion - Entertainment\",\"isPartOf\":{\"@id\":\"https:\/\/francescogiuffridamagic.it\/#website\"},\"datePublished\":\"2018-02-20T19:06:12+00:00\",\"dateModified\":\"2019-01-11T09:01:11+00:00\",\"breadcrumb\":{\"@id\":\"https:\/\/francescogiuffridamagic.it\/index.php\/servizi\/cake-video-mapping\/#breadcrumb\"},\"inLanguage\":\"it-IT\",\"potentialAction\":[{\"@type\":\"ReadAction\",\"target\":[\"https:\/\/francescogiuffridamagic.it\/index.php\/servizi\/cake-video-mapping\/\"]}]},{\"@type\":\"BreadcrumbList\",\"@id\":\"https:\/\/francescogiuffridamagic.it\/index.php\/servizi\/cake-video-mapping\/#breadcrumb\",\"itemListElement\":[{\"@type\":\"ListItem\",\"position\":1,\"name\":\"Servizi\",\"item\":\"https:\/\/francescogiuffridamagic.it\/index.php\/servizi\/\"},{\"@type\":\"ListItem\",\"position\":2,\"name\":\"Cake Video Mapping\"}]},{\"@type\":\"WebSite\",\"@id\":\"https:\/\/francescogiuffridamagic.it\/#website\",\"url\":\"https:\/\/francescogiuffridamagic.it\/\",\"name\":\"Official Website Francesco Giuffrida - Magic - Illusion - Entertainment\",\"description\":\"Mago, prestigiatore e illusionista! Magia, illusionismo e intrattenimento per rendere uniche le vostre feste o eventi di ogni genere! Spettacoli di magia e animazione per matrimoni, compleanni, feste, ricevimenti e tutto ci\u00f2 possa essere reso indimenticabile!\",\"publisher\":{\"@id\":\"https:\/\/francescogiuffridamagic.it\/#organization\"},\"potentialAction\":[{\"@type\":\"SearchAction\",\"target\":{\"@type\":\"EntryPoint\",\"urlTemplate\":\"https:\/\/francescogiuffridamagic.it\/?s={search_term_string}\"},\"query-input\":\"required name=search_term_string\"}],\"inLanguage\":\"it-IT\"},{\"@type\":\"Organization\",\"@id\":\"https:\/\/francescogiuffridamagic.it\/#organization\",\"name\":\"Francesco Giuffrida magic - illusion - entertainment\",\"url\":\"https:\/\/francescogiuffridamagic.it\/\",\"logo\":{\"@type\":\"ImageObject\",\"inLanguage\":\"it-IT\",\"@id\":\"https:\/\/francescogiuffridamagic.it\/#\/schema\/logo\/image\/\",\"url\":\"https:\/\/francescogiuffridamagic.it\/wp-content\/uploads\/2018\/06\/francesco-giuffrida.jpg\",\"contentUrl\":\"https:\/\/francescogiuffridamagic.it\/wp-content\/uploads\/2018\/06\/francesco-giuffrida.jpg\",\"width\":591,\"height\":591,\"caption\":\"Francesco Giuffrida magic - illusion - entertainment\"},\"image\":{\"@id\":\"https:\/\/francescogiuffridamagic.it\/#\/schema\/logo\/image\/\"},\"sameAs\":[\"https:\/\/www.facebook.com\/francescogiuffridamagic\/\",\"https:\/\/www.instagram.com\/francesco.giuffrida.magic\/\",\"https:\/\/www.youtube.com\/channel\/UCrJXC687v4SCgVxLzb8gcHA?view_as=subscriber\"]}]}<\/script>\n<!-- \/ Yoast SEO plugin. -->","yoast_head_json":{"title":"Cake Video Mapping - Official Website Francesco Giuffrida - Magic - Illusion - Entertainment","robots":{"index":"index","follow":"follow","max-snippet":"max-snippet:-1","max-image-preview":"max-image-preview:large","max-video-preview":"max-video-preview:-1"},"canonical":"https:\/\/francescogiuffridamagic.it\/index.php\/servizi\/cake-video-mapping\/","og_locale":"it_IT","og_type":"article","og_title":"Cake Video Mapping - Official Website Francesco Giuffrida - Magic - Illusion - Entertainment","og_description":"Il Cake Video Mapping \u00e8 una novit\u00e0 che render\u00e0 memorabile il momento tanto atteso del taglio della torta. Un servizio nato in America ed ora finalmente disponibile anche qui per ...","og_url":"https:\/\/francescogiuffridamagic.it\/index.php\/servizi\/cake-video-mapping\/","og_site_name":"Official Website Francesco Giuffrida - Magic - Illusion - Entertainment","article_publisher":"https:\/\/www.facebook.com\/francescogiuffridamagic\/","article_modified_time":"2019-01-11T09:01:11+00:00","schema":{"@context":"https:\/\/schema.org","@graph":[{"@type":"WebPage","@id":"https:\/\/francescogiuffridamagic.it\/index.php\/servizi\/cake-video-mapping\/","url":"https:\/\/francescogiuffridamagic.it\/index.php\/servizi\/cake-video-mapping\/","name":"Cake Video Mapping - Official Website Francesco Giuffrida - Magic - Illusion - Entertainment","isPartOf":{"@id":"https:\/\/francescogiuffridamagic.it\/#website"},"datePublished":"2018-02-20T19:06:12+00:00","dateModified":"2019-01-11T09:01:11+00:00","breadcrumb":{"@id":"https:\/\/francescogiuffridamagic.it\/index.php\/servizi\/cake-video-mapping\/#breadcrumb"},"inLanguage":"it-IT","potentialAction":[{"@type":"ReadAction","target":["https:\/\/francescogiuffridamagic.it\/index.php\/servizi\/cake-video-mapping\/"]}]},{"@type":"BreadcrumbList","@id":"https:\/\/francescogiuffridamagic.it\/index.php\/servizi\/cake-video-mapping\/#breadcrumb","itemListElement":[{"@type":"ListItem","position":1,"name":"Servizi","item":"https:\/\/francescogiuffridamagic.it\/index.php\/servizi\/"},{"@type":"ListItem","position":2,"name":"Cake Video Mapping"}]},{"@type":"WebSite","@id":"https:\/\/francescogiuffridamagic.it\/#website","url":"https:\/\/francescogiuffridamagic.it\/","name":"Official Website Francesco Giuffrida - Magic - Illusion - Entertainment","description":"Mago, prestigiatore e illusionista! Magia, illusionismo e intrattenimento per rendere uniche le vostre feste o eventi di ogni genere! Spettacoli di magia e animazione per matrimoni, compleanni, feste, ricevimenti e tutto ci\u00f2 possa essere reso indimenticabile!","publisher":{"@id":"https:\/\/francescogiuffridamagic.it\/#organization"},"potentialAction":[{"@type":"SearchAction","target":{"@type":"EntryPoint","urlTemplate":"https:\/\/francescogiuffridamagic.it\/?s={search_term_string}"},"query-input":"required name=search_term_string"}],"inLanguage":"it-IT"},{"@type":"Organization","@id":"https:\/\/francescogiuffridamagic.it\/#organization","name":"Francesco Giuffrida magic - illusion - entertainment","url":"https:\/\/francescogiuffridamagic.it\/","logo":{"@type":"ImageObject","inLanguage":"it-IT","@id":"https:\/\/francescogiuffridamagic.it\/#\/schema\/logo\/image\/","url":"https:\/\/francescogiuffridamagic.it\/wp-content\/uploads\/2018\/06\/francesco-giuffrida.jpg","contentUrl":"https:\/\/francescogiuffridamagic.it\/wp-content\/uploads\/2018\/06\/francesco-giuffrida.jpg","width":591,"height":591,"caption":"Francesco Giuffrida magic - illusion - entertainment"},"image":{"@id":"https:\/\/francescogiuffridamagic.it\/#\/schema\/logo\/image\/"},"sameAs":["https:\/\/www.facebook.com\/francescogiuffridamagic\/","https:\/\/www.instagram.com\/francesco.giuffrida.magic\/","https:\/\/www.youtube.com\/channel\/UCrJXC687v4SCgVxLzb8gcHA?view_as=subscriber"]}]}},"_links":{"self":[{"href":"https:\/\/francescogiuffridamagic.it\/index.php\/wp-json\/wp\/v2\/pages\/821"}],"collection":[{"href":"https:\/\/francescogiuffridamagic.it\/index.php\/wp-json\/wp\/v2\/pages"}],"about":[{"href":"https:\/\/francescogiuffridamagic.it\/index.php\/wp-json\/wp\/v2\/types\/page"}],"author":[{"embeddable":true,"href":"https:\/\/francescogiuffridamagic.it\/index.php\/wp-json\/wp\/v2\/users\/1"}],"replies":[{"embeddable":true,"href":"https:\/\/francescogiuffridamagic.it\/index.php\/wp-json\/wp\/v2\/comments?post=821"}],"version-history":[{"count":4,"href":"https:\/\/francescogiuffridamagic.it\/index.php\/wp-json\/wp\/v2\/pages\/821\/revisions"}],"predecessor-version":[{"id":1235,"href":"https:\/\/francescogiuffridamagic.it\/index.php\/wp-json\/wp\/v2\/pages\/821\/revisions\/1235"}],"up":[{"embeddable":true,"href":"https:\/\/francescogiuffridamagic.it\/index.php\/wp-json\/wp\/v2\/pages\/19"}],"wp:attachment":[{"href":"https:\/\/francescogiuffridamagic.it\/index.php\/wp-json\/wp\/v2\/media?parent=821"}],"curies":[{"name":"wp","href":"https:\/\/api.w.org\/{rel}","templated":true}]}}