{"id":83,"date":"2013-11-28T19:27:28","date_gmt":"2013-11-28T18:27:28","guid":{"rendered":"https:\/\/francescogiuffridamagic.it\/?page_id=83"},"modified":"2018-06-23T16:32:15","modified_gmt":"2018-06-23T14:32:15","slug":"trampoleria-2","status":"publish","type":"page","link":"https:\/\/francescogiuffridamagic.it\/index.php\/servizi\/trampoleria-2\/","title":{"rendered":"Sputafuoco"},"content":{"rendered":"<p><i>\r\n\t<div class=\"slideshow_container slideshow_container_style-dark\" style=\" \" data-slideshow-id=\"78\" data-style-name=\"style-dark\" data-style-version=\"2.3.1\" >\r\n\r\n\t\t\t\t\t<div class=\"slideshow_loading_icon\"><\/div>\r\n\t\t\r\n\t\t<div class=\"slideshow_content\" style=\"display: none;\">\r\n\r\n\t\t\t<div class=\"slideshow_view\">\r\n\t\t\t\t<div class=\"slideshow_slide slideshow_slide_image\">\r\n\t\t\t\t\t\t\t\t\t\t\t<img src=\"https:\/\/francescogiuffridamagic.it\/wp-content\/uploads\/2014\/01\/Sagra-del-pistacchio-060.jpg\" alt=\"Sagra-del-pistacchio-060\" width=\"640\" height=\"200\" \/>\r\n\t\t\t\t\t\t\t\t\t\t<div class=\"slideshow_description_box slideshow_transparent\">\r\n\t\t\t\t\t\t<div class=\"slideshow_title\">Sagra-del-pistacchio-060<\/div>\t\t\t\t\t\t\t\t\t\t\t<\/div>\r\n\t\t\t\t<\/div>\r\n\r\n\t\t\t\t\t\t<div style=\"clear: both;\"><\/div><\/div><div class=\"slideshow_view\">\r\n\t\t\t\t<div class=\"slideshow_slide slideshow_slide_image\">\r\n\t\t\t\t\t\t\t\t\t\t\t<img src=\"https:\/\/francescogiuffridamagic.it\/wp-content\/uploads\/2014\/01\/20120805_005402.jpg\" alt=\"20120805_005402\" width=\"640\" height=\"200\" \/>\r\n\t\t\t\t\t\t\t\t\t\t<div class=\"slideshow_description_box slideshow_transparent\">\r\n\t\t\t\t\t\t<div class=\"slideshow_title\">20120805_005402<\/div>\t\t\t\t\t\t\t\t\t\t\t<\/div>\r\n\t\t\t\t<\/div>\r\n\r\n\t\t\t\t\t\t<div style=\"clear: both;\"><\/div><\/div><div class=\"slideshow_view\">\r\n\t\t\t\t<div class=\"slideshow_slide slideshow_slide_image\">\r\n\t\t\t\t\t\t\t\t\t\t\t<img src=\"https:\/\/francescogiuffridamagic.it\/wp-content\/uploads\/2014\/01\/Sagra-del-pistacchio-024.jpg\" alt=\"Sagra-del-pistacchio-024\" width=\"640\" height=\"200\" \/>\r\n\t\t\t\t\t\t\t\t\t\t<div class=\"slideshow_description_box slideshow_transparent\">\r\n\t\t\t\t\t\t<div class=\"slideshow_title\">Sagra-del-pistacchio-024<\/div>\t\t\t\t\t\t\t\t\t\t\t<\/div>\r\n\t\t\t\t<\/div>\r\n\r\n\t\t\t\t\t\t<div style=\"clear: both;\"><\/div><\/div><div class=\"slideshow_view\">\r\n\t\t\t\t<div class=\"slideshow_slide slideshow_slide_image\">\r\n\t\t\t\t\t\t\t\t\t\t\t<img src=\"https:\/\/francescogiuffridamagic.it\/wp-content\/uploads\/2014\/01\/Sagra-del-pistacchio-001-2.jpg\" alt=\"Sagra-del-pistacchio-001-(2)\" width=\"640\" height=\"200\" \/>\r\n\t\t\t\t\t\t\t\t\t\t<div class=\"slideshow_description_box slideshow_transparent\">\r\n\t\t\t\t\t\t<div class=\"slideshow_title\">Sagra-del-pistacchio-001-(2)<\/div>\t\t\t\t\t\t\t\t\t\t\t<\/div>\r\n\t\t\t\t<\/div>\r\n\r\n\t\t\t\t\t\t<div style=\"clear: both;\"><\/div><\/div>\r\n\t\t<\/div>\r\n\r\n\t\t<div class=\"slideshow_controlPanel slideshow_transparent\" style=\"display: none;\"><ul><li class=\"slideshow_togglePlay\" data-play-text=\"Play\" data-pause-text=\"Pause\"><\/li><\/ul><\/div>\r\n\r\n\t\t<div class=\"slideshow_button slideshow_previous slideshow_transparent\" role=\"button\" data-previous-text=\"Previous\" style=\"display: none;\"><\/div>\r\n\t\t<div class=\"slideshow_button slideshow_next slideshow_transparent\" role=\"button\" data-next-text=\"Next\" style=\"display: none;\"><\/div>\r\n\r\n\t\t<div class=\"slideshow_pagination\" style=\"display: none;\" data-go-to-text=\"Go to slide\"><div class=\"slideshow_pagination_center\"><\/div><\/div>\r\n\r\n\t\t<!-- WordPress Slideshow Version 2.3.1 -->\r\n\r\n\t\t\t<\/div>\r\n\r\n<\/i><\/p>\n<p>Lo Sputafuoco \u00e8 la figura artistica pi\u00f9 richiesta per sottolineare i momenti pi\u00f9 importanti di eventi serali all&#8217;aperto, in occasione di cerimonie e party \u00a0o di animazione e parate in centri storici, in cui la lingua di fuoco che illumina il buio desta sempre un fascino speciale.<\/p>\n","protected":false},"excerpt":{"rendered":"<p>Lo Sputafuoco \u00e8 la figura artistica pi\u00f9 richiesta per sottolineare i momenti pi\u00f9 importanti di eventi serali all&#8217;aperto, in occasione di cerimonie e party \u00a0o di animazione e parate in &#8230;<\/p>\n","protected":false},"author":1,"featured_media":1208,"parent":19,"menu_order":0,"comment_status":"closed","ping_status":"closed","template":"","meta":{"footnotes":""},"yoast_head":"<!-- This site is optimized with the Yoast SEO plugin v22.4 - https:\/\/yoast.com\/wordpress\/plugins\/seo\/ -->\n<title>Sputafuoco - Official Website Francesco Giuffrida - Magic - Illusion - Entertainment<\/title>\n<meta name=\"robots\" content=\"index, follow, max-snippet:-1, max-image-preview:large, max-video-preview:-1\" \/>\n<link rel=\"canonical\" href=\"https:\/\/francescogiuffridamagic.it\/index.php\/servizi\/trampoleria-2\/\" \/>\n<meta property=\"og:locale\" content=\"it_IT\" \/>\n<meta property=\"og:type\" content=\"article\" \/>\n<meta property=\"og:title\" content=\"Sputafuoco - Official Website Francesco Giuffrida - Magic - Illusion - Entertainment\" \/>\n<meta property=\"og:description\" content=\"Lo Sputafuoco \u00e8 la figura artistica pi\u00f9 richiesta per sottolineare i momenti pi\u00f9 importanti di eventi serali all&#8217;aperto, in occasione di cerimonie e party \u00a0o di animazione e parate in ...\" \/>\n<meta property=\"og:url\" content=\"https:\/\/francescogiuffridamagic.it\/index.php\/servizi\/trampoleria-2\/\" \/>\n<meta property=\"og:site_name\" content=\"Official Website Francesco Giuffrida - Magic - Illusion - Entertainment\" \/>\n<meta property=\"article:publisher\" content=\"https:\/\/www.facebook.com\/francescogiuffridamagic\/\" \/>\n<meta property=\"article:modified_time\" content=\"2018-06-23T14:32:15+00:00\" \/>\n<meta property=\"og:image\" content=\"https:\/\/francescogiuffridamagic.it\/wp-content\/uploads\/2018\/06\/sputafuoco.jpg\" \/>\n\t<meta property=\"og:image:width\" content=\"226\" \/>\n\t<meta property=\"og:image:height\" content=\"226\" \/>\n\t<meta property=\"og:image:type\" content=\"image\/jpeg\" \/>\n<script type=\"application\/ld+json\" class=\"yoast-schema-graph\">{\"@context\":\"https:\/\/schema.org\",\"@graph\":[{\"@type\":\"WebPage\",\"@id\":\"https:\/\/francescogiuffridamagic.it\/index.php\/servizi\/trampoleria-2\/\",\"url\":\"https:\/\/francescogiuffridamagic.it\/index.php\/servizi\/trampoleria-2\/\",\"name\":\"Sputafuoco - Official Website Francesco Giuffrida - Magic - Illusion - Entertainment\",\"isPartOf\":{\"@id\":\"https:\/\/francescogiuffridamagic.it\/#website\"},\"primaryImageOfPage\":{\"@id\":\"https:\/\/francescogiuffridamagic.it\/index.php\/servizi\/trampoleria-2\/#primaryimage\"},\"image\":{\"@id\":\"https:\/\/francescogiuffridamagic.it\/index.php\/servizi\/trampoleria-2\/#primaryimage\"},\"thumbnailUrl\":\"https:\/\/francescogiuffridamagic.it\/wp-content\/uploads\/2018\/06\/sputafuoco.jpg\",\"datePublished\":\"2013-11-28T18:27:28+00:00\",\"dateModified\":\"2018-06-23T14:32:15+00:00\",\"breadcrumb\":{\"@id\":\"https:\/\/francescogiuffridamagic.it\/index.php\/servizi\/trampoleria-2\/#breadcrumb\"},\"inLanguage\":\"it-IT\",\"potentialAction\":[{\"@type\":\"ReadAction\",\"target\":[\"https:\/\/francescogiuffridamagic.it\/index.php\/servizi\/trampoleria-2\/\"]}]},{\"@type\":\"ImageObject\",\"inLanguage\":\"it-IT\",\"@id\":\"https:\/\/francescogiuffridamagic.it\/index.php\/servizi\/trampoleria-2\/#primaryimage\",\"url\":\"https:\/\/francescogiuffridamagic.it\/wp-content\/uploads\/2018\/06\/sputafuoco.jpg\",\"contentUrl\":\"https:\/\/francescogiuffridamagic.it\/wp-content\/uploads\/2018\/06\/sputafuoco.jpg\",\"width\":226,\"height\":226},{\"@type\":\"BreadcrumbList\",\"@id\":\"https:\/\/francescogiuffridamagic.it\/index.php\/servizi\/trampoleria-2\/#breadcrumb\",\"itemListElement\":[{\"@type\":\"ListItem\",\"position\":1,\"name\":\"Servizi\",\"item\":\"https:\/\/francescogiuffridamagic.it\/index.php\/servizi\/\"},{\"@type\":\"ListItem\",\"position\":2,\"name\":\"Sputafuoco\"}]},{\"@type\":\"WebSite\",\"@id\":\"https:\/\/francescogiuffridamagic.it\/#website\",\"url\":\"https:\/\/francescogiuffridamagic.it\/\",\"name\":\"Official Website Francesco Giuffrida - Magic - Illusion - Entertainment\",\"description\":\"Mago, prestigiatore e illusionista! Magia, illusionismo e intrattenimento per rendere uniche le vostre feste o eventi di ogni genere! Spettacoli di magia e animazione per matrimoni, compleanni, feste, ricevimenti e tutto ci\u00f2 possa essere reso indimenticabile!\",\"publisher\":{\"@id\":\"https:\/\/francescogiuffridamagic.it\/#organization\"},\"potentialAction\":[{\"@type\":\"SearchAction\",\"target\":{\"@type\":\"EntryPoint\",\"urlTemplate\":\"https:\/\/francescogiuffridamagic.it\/?s={search_term_string}\"},\"query-input\":\"required name=search_term_string\"}],\"inLanguage\":\"it-IT\"},{\"@type\":\"Organization\",\"@id\":\"https:\/\/francescogiuffridamagic.it\/#organization\",\"name\":\"Francesco Giuffrida magic - illusion - entertainment\",\"url\":\"https:\/\/francescogiuffridamagic.it\/\",\"logo\":{\"@type\":\"ImageObject\",\"inLanguage\":\"it-IT\",\"@id\":\"https:\/\/francescogiuffridamagic.it\/#\/schema\/logo\/image\/\",\"url\":\"https:\/\/francescogiuffridamagic.it\/wp-content\/uploads\/2018\/06\/francesco-giuffrida.jpg\",\"contentUrl\":\"https:\/\/francescogiuffridamagic.it\/wp-content\/uploads\/2018\/06\/francesco-giuffrida.jpg\",\"width\":591,\"height\":591,\"caption\":\"Francesco Giuffrida magic - illusion - entertainment\"},\"image\":{\"@id\":\"https:\/\/francescogiuffridamagic.it\/#\/schema\/logo\/image\/\"},\"sameAs\":[\"https:\/\/www.facebook.com\/francescogiuffridamagic\/\",\"https:\/\/www.instagram.com\/francesco.giuffrida.magic\/\",\"https:\/\/www.youtube.com\/channel\/UCrJXC687v4SCgVxLzb8gcHA?view_as=subscriber\"]}]}<\/script>\n<!-- \/ Yoast SEO plugin. -->","yoast_head_json":{"title":"Sputafuoco - Official Website Francesco Giuffrida - Magic - Illusion - Entertainment","robots":{"index":"index","follow":"follow","max-snippet":"max-snippet:-1","max-image-preview":"max-image-preview:large","max-video-preview":"max-video-preview:-1"},"canonical":"https:\/\/francescogiuffridamagic.it\/index.php\/servizi\/trampoleria-2\/","og_locale":"it_IT","og_type":"article","og_title":"Sputafuoco - Official Website Francesco Giuffrida - Magic - Illusion - Entertainment","og_description":"Lo Sputafuoco \u00e8 la figura artistica pi\u00f9 richiesta per sottolineare i momenti pi\u00f9 importanti di eventi serali all&#8217;aperto, in occasione di cerimonie e party \u00a0o di animazione e parate in ...","og_url":"https:\/\/francescogiuffridamagic.it\/index.php\/servizi\/trampoleria-2\/","og_site_name":"Official Website Francesco Giuffrida - Magic - Illusion - Entertainment","article_publisher":"https:\/\/www.facebook.com\/francescogiuffridamagic\/","article_modified_time":"2018-06-23T14:32:15+00:00","og_image":[{"width":226,"height":226,"url":"https:\/\/francescogiuffridamagic.it\/wp-content\/uploads\/2018\/06\/sputafuoco.jpg","type":"image\/jpeg"}],"schema":{"@context":"https:\/\/schema.org","@graph":[{"@type":"WebPage","@id":"https:\/\/francescogiuffridamagic.it\/index.php\/servizi\/trampoleria-2\/","url":"https:\/\/francescogiuffridamagic.it\/index.php\/servizi\/trampoleria-2\/","name":"Sputafuoco - Official Website Francesco Giuffrida - Magic - Illusion - Entertainment","isPartOf":{"@id":"https:\/\/francescogiuffridamagic.it\/#website"},"primaryImageOfPage":{"@id":"https:\/\/francescogiuffridamagic.it\/index.php\/servizi\/trampoleria-2\/#primaryimage"},"image":{"@id":"https:\/\/francescogiuffridamagic.it\/index.php\/servizi\/trampoleria-2\/#primaryimage"},"thumbnailUrl":"https:\/\/francescogiuffridamagic.it\/wp-content\/uploads\/2018\/06\/sputafuoco.jpg","datePublished":"2013-11-28T18:27:28+00:00","dateModified":"2018-06-23T14:32:15+00:00","breadcrumb":{"@id":"https:\/\/francescogiuffridamagic.it\/index.php\/servizi\/trampoleria-2\/#breadcrumb"},"inLanguage":"it-IT","potentialAction":[{"@type":"ReadAction","target":["https:\/\/francescogiuffridamagic.it\/index.php\/servizi\/trampoleria-2\/"]}]},{"@type":"ImageObject","inLanguage":"it-IT","@id":"https:\/\/francescogiuffridamagic.it\/index.php\/servizi\/trampoleria-2\/#primaryimage","url":"https:\/\/francescogiuffridamagic.it\/wp-content\/uploads\/2018\/06\/sputafuoco.jpg","contentUrl":"https:\/\/francescogiuffridamagic.it\/wp-content\/uploads\/2018\/06\/sputafuoco.jpg","width":226,"height":226},{"@type":"BreadcrumbList","@id":"https:\/\/francescogiuffridamagic.it\/index.php\/servizi\/trampoleria-2\/#breadcrumb","itemListElement":[{"@type":"ListItem","position":1,"name":"Servizi","item":"https:\/\/francescogiuffridamagic.it\/index.php\/servizi\/"},{"@type":"ListItem","position":2,"name":"Sputafuoco"}]},{"@type":"WebSite","@id":"https:\/\/francescogiuffridamagic.it\/#website","url":"https:\/\/francescogiuffridamagic.it\/","name":"Official Website Francesco Giuffrida - Magic - Illusion - Entertainment","description":"Mago, prestigiatore e illusionista! Magia, illusionismo e intrattenimento per rendere uniche le vostre feste o eventi di ogni genere! Spettacoli di magia e animazione per matrimoni, compleanni, feste, ricevimenti e tutto ci\u00f2 possa essere reso indimenticabile!","publisher":{"@id":"https:\/\/francescogiuffridamagic.it\/#organization"},"potentialAction":[{"@type":"SearchAction","target":{"@type":"EntryPoint","urlTemplate":"https:\/\/francescogiuffridamagic.it\/?s={search_term_string}"},"query-input":"required name=search_term_string"}],"inLanguage":"it-IT"},{"@type":"Organization","@id":"https:\/\/francescogiuffridamagic.it\/#organization","name":"Francesco Giuffrida magic - illusion - entertainment","url":"https:\/\/francescogiuffridamagic.it\/","logo":{"@type":"ImageObject","inLanguage":"it-IT","@id":"https:\/\/francescogiuffridamagic.it\/#\/schema\/logo\/image\/","url":"https:\/\/francescogiuffridamagic.it\/wp-content\/uploads\/2018\/06\/francesco-giuffrida.jpg","contentUrl":"https:\/\/francescogiuffridamagic.it\/wp-content\/uploads\/2018\/06\/francesco-giuffrida.jpg","width":591,"height":591,"caption":"Francesco Giuffrida magic - illusion - entertainment"},"image":{"@id":"https:\/\/francescogiuffridamagic.it\/#\/schema\/logo\/image\/"},"sameAs":["https:\/\/www.facebook.com\/francescogiuffridamagic\/","https:\/\/www.instagram.com\/francesco.giuffrida.magic\/","https:\/\/www.youtube.com\/channel\/UCrJXC687v4SCgVxLzb8gcHA?view_as=subscriber"]}]}},"_links":{"self":[{"href":"https:\/\/francescogiuffridamagic.it\/index.php\/wp-json\/wp\/v2\/pages\/83"}],"collection":[{"href":"https:\/\/francescogiuffridamagic.it\/index.php\/wp-json\/wp\/v2\/pages"}],"about":[{"href":"https:\/\/francescogiuffridamagic.it\/index.php\/wp-json\/wp\/v2\/types\/page"}],"author":[{"embeddable":true,"href":"https:\/\/francescogiuffridamagic.it\/index.php\/wp-json\/wp\/v2\/users\/1"}],"replies":[{"embeddable":true,"href":"https:\/\/francescogiuffridamagic.it\/index.php\/wp-json\/wp\/v2\/comments?post=83"}],"version-history":[{"count":3,"href":"https:\/\/francescogiuffridamagic.it\/index.php\/wp-json\/wp\/v2\/pages\/83\/revisions"}],"predecessor-version":[{"id":1201,"href":"https:\/\/francescogiuffridamagic.it\/index.php\/wp-json\/wp\/v2\/pages\/83\/revisions\/1201"}],"up":[{"embeddable":true,"href":"https:\/\/francescogiuffridamagic.it\/index.php\/wp-json\/wp\/v2\/pages\/19"}],"wp:featuredmedia":[{"embeddable":true,"href":"https:\/\/francescogiuffridamagic.it\/index.php\/wp-json\/wp\/v2\/media\/1208"}],"wp:attachment":[{"href":"https:\/\/francescogiuffridamagic.it\/index.php\/wp-json\/wp\/v2\/media?parent=83"}],"curies":[{"name":"wp","href":"https:\/\/api.w.org\/{rel}","templated":true}]}}